{"id":2432,"date":"2018-03-28T14:17:34","date_gmt":"2018-03-28T13:17:34","guid":{"rendered":"http:\/\/rda-al.com\/?page_id=2432"},"modified":"2018-03-28T14:17:34","modified_gmt":"2018-03-28T13:17:34","slug":"nxitja-e-kerkimit-shkencor","status":"publish","type":"page","link":"http:\/\/rda-al.com\/sq\/nxitja-e-kerkimit-shkencor\/","title":{"rendered":"Nxitja e kerkimit shkencor"},"content":{"rendered":"<p>P\u00ebr t\u00eb p\u00ebrmir\u00ebsuar disponueshm\u00ebrin\u00eb e informacionit mbi s\u00ebmundjet e rralla dhe mund\u00ebsit\u00eb e kujdesit sh\u00ebndet\u00ebsor p\u00ebr pacient\u00ebt, t\u00eb gjith\u00eb kategorive t\u00eb punonj\u00ebsve t\u00eb kujdesit sh\u00ebndet\u00ebsor, si dhe ekspert\u00eb t\u00eb tjer\u00eb t\u00eb p\u00ebrfshir\u00eb n\u00eb trajtimin e pacient\u00ebve me s\u00ebmundje t\u00eb rralla dhe familj\u00ebve t\u00eb tyre.<\/p>\n<p><strong>Rekomandime<\/strong><br \/>\n&#8211; Mb\u00ebshtetja e burimeve t\u00eb informacionit n\u00eb dispozicion t\u00eb ekspert\u00ebve dhe pacient\u00ebve.<\/p>\n<p>&#8211; Identifikimi, koordinimi dhe mb\u00ebshtetja e burimeve ekzistuese t\u00eb informacionit mbi s\u00ebmundjet e rralla.<\/p>\n<p>&#8211; T\u00eb inkurajohen institucionet akademike, shoqatat profesionale, qendrat shkencore dhe k\u00ebrkimore dhe organizatat e pacient\u00ebve q\u00eb t\u00eb punojn\u00eb s\u00eb bashku p\u00ebr t\u00eb promovuar dhe p\u00ebrhapur njohurit\u00eb mbi burimet e disponueshme t\u00eb informacionit p\u00ebr s\u00ebmundjet e rralla.<\/p>","protected":false},"excerpt":{"rendered":"<p>P\u00ebr t\u00eb p\u00ebrmir\u00ebsuar disponueshm\u00ebrin\u00eb e informacionit mbi s\u00ebmundjet e rralla dhe mund\u00ebsit\u00eb e kujdesit sh\u00ebndet\u00ebsor p\u00ebr pacient\u00ebt, t\u00eb gjith\u00eb kategorive t\u00eb punonj\u00ebsve t\u00eb kujdesit sh\u00ebndet\u00ebsor, si dhe ekspert\u00eb t\u00eb tjer\u00eb [&hellip;]<\/p>\n","protected":false},"author":1,"featured_media":0,"parent":0,"menu_order":5,"comment_status":"closed","ping_status":"closed","template":"","meta":{"footnotes":""},"_links":{"self":[{"href":"http:\/\/rda-al.com\/sq\/wp-json\/wp\/v2\/pages\/2432"}],"collection":[{"href":"http:\/\/rda-al.com\/sq\/wp-json\/wp\/v2\/pages"}],"about":[{"href":"http:\/\/rda-al.com\/sq\/wp-json\/wp\/v2\/types\/page"}],"author":[{"embeddable":true,"href":"http:\/\/rda-al.com\/sq\/wp-json\/wp\/v2\/users\/1"}],"replies":[{"embeddable":true,"href":"http:\/\/rda-al.com\/sq\/wp-json\/wp\/v2\/comments?post=2432"}],"version-history":[{"count":1,"href":"http:\/\/rda-al.com\/sq\/wp-json\/wp\/v2\/pages\/2432\/revisions"}],"predecessor-version":[{"id":2433,"href":"http:\/\/rda-al.com\/sq\/wp-json\/wp\/v2\/pages\/2432\/revisions\/2433"}],"wp:attachment":[{"href":"http:\/\/rda-al.com\/sq\/wp-json\/wp\/v2\/media?parent=2432"}],"curies":[{"name":"wp","href":"https:\/\/api.w.org\/{rel}","templated":true}]}}