{"id":2435,"date":"2018-03-28T14:19:29","date_gmt":"2018-03-28T13:19:29","guid":{"rendered":"http:\/\/rda-al.com\/?page_id=2435"},"modified":"2018-03-28T14:19:29","modified_gmt":"2018-03-28T13:19:29","slug":"ilacet-e-subvencionuara-ne-shqiperi","status":"publish","type":"page","link":"http:\/\/rda-al.com\/sq\/ilacet-e-subvencionuara-ne-shqiperi\/","title":{"rendered":"Ilacet e subvencionuara ne Shqiperi"},"content":{"rendered":"<p>Komisioni p\u00ebr Produktet Medicinale Orphan (COMP) jep nj\u00eb opinion n\u00eb lidhje me at\u00eb n\u00ebse nj\u00eb ila\u00e7 mund t\u00eb jet\u00eb miratuar p\u00ebr statusin orphan dhe Komiteti i Produkteve Medicinale p\u00ebr P\u00ebrdorim t\u00eb Njer\u00ebzve (CHMP) l\u00ebshon nj\u00eb mendim n\u00ebse nj\u00eb ila\u00e7i mund ti jepet autorizimi i marketingu n\u00eb mbar\u00eb BE-n\u00eb. EMA paraqet mendimet e t\u00eb dyja komiteteve n\u00eb Komisionin Evropian, i cili miraton nj\u00eb vendim ligjor t\u00eb detyruesh\u00ebm q\u00eb i p\u00ebrket t\u00eb gjitha shteteve an\u00ebtare t\u00eb BE-s\u00eb. Nj\u00eb ila\u00e7 mund t\u00eb miratohet p\u00ebr statusin jetim n\u00ebse plot\u00ebson kriteret e m\u00ebposhtme:<\/p>\n<ul>\n<li>Ila\u00e7i \u00ebsht\u00eb i destinuar p\u00ebr diagnoz\u00ebn, parandalimin ose trajtimin e nj\u00eb gjendjeje k\u00ebrc\u00ebnuese p\u00ebr jet\u00ebn ose kronike q\u00eb ndikon n\u00eb jo m\u00eb shum\u00eb se 5 n\u00eb 10,000 persona n\u00eb BE; ose<\/li>\n<li>Ila\u00e7i \u00ebsht\u00eb i destinuar p\u00ebr diagnoz\u00ebn, parandalimin ose trajtimin e kushteve t\u00eb rrezikshme p\u00ebr jet\u00ebn, kronike debilituese, ose kronike dhe serioze, ku nuk ka gjasa q\u00eb marketingu i ila\u00e7it t\u00eb gjeneroj\u00eb nj\u00eb kthim t\u00eb mjaftuesh\u00ebm t\u00eb investimit p\u00ebr t\u00eb justifikuar kostot e zhvillimit t\u00eb ila\u00e7it; dhe<\/li>\n<li>Asnj\u00eb metod\u00eb e pranueshme e diagnostikimit, parandalimit ose trajtimit t\u00eb k\u00ebsaj gjendjeje nuk \u00ebsht\u00eb n\u00eb dispozicion n\u00eb BE ose, n\u00ebse ekziston nj\u00eb metod\u00eb e till\u00eb, ila\u00e7i i ri do t\u00eb jet\u00eb i dobish\u00ebm p\u00ebr personat e prekur nga kjo gjendje.<\/li>\n<\/ul>\n<p>Lista e ila\u00e7eve ve\u00e7an\u00ebrisht t\u00eb shtrenjta, q\u00eb liston ila\u00e7et e shtrenjta edhe p\u00ebr disa s\u00ebmundje t\u00eb rralla, u krijua n\u00eb Shqiperi n\u00eb 2006. Agjencia\u00a0Komb\u00ebtare\u00a0e barnave\u00a0dhe Pajisjeve Mjek\u00ebsore ka publikuar list\u00ebn e produkteve medicinale p\u00ebr trajtimin e s\u00ebmundjeve t\u00eb rralla dhe t\u00eb r\u00ebnda q\u00eb kan\u00eb qen\u00eb t\u00eb autorizuara n\u00eb Shqip\u00ebri dhe t\u00eb aprovuar p\u00ebr statusin e ila\u00e7it jetimi n\u00eb BE.<\/p>","protected":false},"excerpt":{"rendered":"<p>Komisioni p\u00ebr Produktet Medicinale Orphan (COMP) jep nj\u00eb opinion n\u00eb lidhje me at\u00eb n\u00ebse nj\u00eb ila\u00e7 mund t\u00eb jet\u00eb miratuar p\u00ebr statusin orphan dhe Komiteti i Produkteve Medicinale p\u00ebr P\u00ebrdorim [&hellip;]<\/p>\n","protected":false},"author":1,"featured_media":0,"parent":0,"menu_order":6,"comment_status":"closed","ping_status":"closed","template":"","meta":{"footnotes":""},"_links":{"self":[{"href":"http:\/\/rda-al.com\/sq\/wp-json\/wp\/v2\/pages\/2435"}],"collection":[{"href":"http:\/\/rda-al.com\/sq\/wp-json\/wp\/v2\/pages"}],"about":[{"href":"http:\/\/rda-al.com\/sq\/wp-json\/wp\/v2\/types\/page"}],"author":[{"embeddable":true,"href":"http:\/\/rda-al.com\/sq\/wp-json\/wp\/v2\/users\/1"}],"replies":[{"embeddable":true,"href":"http:\/\/rda-al.com\/sq\/wp-json\/wp\/v2\/comments?post=2435"}],"version-history":[{"count":1,"href":"http:\/\/rda-al.com\/sq\/wp-json\/wp\/v2\/pages\/2435\/revisions"}],"predecessor-version":[{"id":2436,"href":"http:\/\/rda-al.com\/sq\/wp-json\/wp\/v2\/pages\/2435\/revisions\/2436"}],"wp:attachment":[{"href":"http:\/\/rda-al.com\/sq\/wp-json\/wp\/v2\/media?parent=2435"}],"curies":[{"name":"wp","href":"https:\/\/api.w.org\/{rel}","templated":true}]}}