{"id":2438,"date":"2018-03-28T14:21:17","date_gmt":"2018-03-28T13:21:17","guid":{"rendered":"http:\/\/rda-al.com\/?page_id=2438"},"modified":"2018-03-28T14:21:17","modified_gmt":"2018-03-28T13:21:17","slug":"permiresimi-i-disponueshmrise-dhe-cilesise-se-trajtimit","status":"publish","type":"page","link":"http:\/\/rda-al.com\/sq\/permiresimi-i-disponueshmrise-dhe-cilesise-se-trajtimit\/","title":{"rendered":"Permiresimi i disponueshmrise dhe cilesise se trajtimit"},"content":{"rendered":"<p>Mund\u00ebsit\u00eb e trajtimit p\u00ebr s\u00ebmundjet e rralla jan\u00eb shpesh t\u00eb pakta dhe jo shum\u00eb efektive. Nj\u00eb nga problemet ky\u00e7e n\u00eb trajtimin e pacient\u00ebve me s\u00ebmundje t\u00eb rrall\u00eb \u00ebsht\u00eb arritja e barazis\u00eb s\u00eb trajtimit, pasi ekziston nj\u00eb tendenc\u00eb q\u00eb fondet e kujdesit sh\u00ebndet\u00ebsor t\u00eb ndahen m\u00eb shum\u00eb p\u00ebr trajtimin e s\u00ebmundjeve t\u00eb zakonshme dhe ila\u00e7et p\u00ebr s\u00ebmundjet e rralla shpesh jan\u00eb t\u00eb shtrenjta ose nuk ekzistojn\u00eb dhe prandaj njihen si ila\u00e7e jetime. Zhvillimi i produkteve orphan (q\u00eb p\u00ebrfshijn\u00eb ila\u00e7in, gjenin dhe terapin\u00eb) k\u00ebrkon nxitje t\u00eb ve\u00e7anta q\u00eb marrin parasysh interesin e ul\u00ebt t\u00eb industris\u00eb farmaceutike dhe shkenc\u00ebtar\u00ebve, si dhe v\u00ebshtir\u00ebsit\u00eb, sfidat dhe komplikacionet q\u00eb lidhen me p\u00ebrcaktimin e efektivitetit dhe siguris\u00eb s\u00eb trajtimit t\u00eb nj\u00eb num\u00ebri t\u00eb vog\u00ebl t\u00eb pacient\u00ebve.<\/p>","protected":false},"excerpt":{"rendered":"<p>Mund\u00ebsit\u00eb e trajtimit p\u00ebr s\u00ebmundjet e rralla jan\u00eb shpesh t\u00eb pakta dhe jo shum\u00eb efektive. Nj\u00eb nga problemet ky\u00e7e n\u00eb trajtimin e pacient\u00ebve me s\u00ebmundje t\u00eb rrall\u00eb \u00ebsht\u00eb arritja e [&hellip;]<\/p>\n","protected":false},"author":1,"featured_media":0,"parent":0,"menu_order":7,"comment_status":"closed","ping_status":"closed","template":"","meta":{"footnotes":""},"_links":{"self":[{"href":"http:\/\/rda-al.com\/sq\/wp-json\/wp\/v2\/pages\/2438"}],"collection":[{"href":"http:\/\/rda-al.com\/sq\/wp-json\/wp\/v2\/pages"}],"about":[{"href":"http:\/\/rda-al.com\/sq\/wp-json\/wp\/v2\/types\/page"}],"author":[{"embeddable":true,"href":"http:\/\/rda-al.com\/sq\/wp-json\/wp\/v2\/users\/1"}],"replies":[{"embeddable":true,"href":"http:\/\/rda-al.com\/sq\/wp-json\/wp\/v2\/comments?post=2438"}],"version-history":[{"count":1,"href":"http:\/\/rda-al.com\/sq\/wp-json\/wp\/v2\/pages\/2438\/revisions"}],"predecessor-version":[{"id":2439,"href":"http:\/\/rda-al.com\/sq\/wp-json\/wp\/v2\/pages\/2438\/revisions\/2439"}],"wp:attachment":[{"href":"http:\/\/rda-al.com\/sq\/wp-json\/wp\/v2\/media?parent=2438"}],"curies":[{"name":"wp","href":"https:\/\/api.w.org\/{rel}","templated":true}]}}