{"id":2440,"date":"2018-03-28T14:22:50","date_gmt":"2018-03-28T13:22:50","guid":{"rendered":"http:\/\/rda-al.com\/?page_id=2440"},"modified":"2018-03-28T14:22:50","modified_gmt":"2018-03-28T13:22:50","slug":"parandalimi-i-semundjeve-te-rralla","status":"publish","type":"page","link":"http:\/\/rda-al.com\/sq\/parandalimi-i-semundjeve-te-rralla\/","title":{"rendered":"Parandalimi i semundjeve te rralla"},"content":{"rendered":"<p>Megjith\u00ebse parandalimi primar \u00ebsht\u00eb i mundur vet\u00ebm p\u00ebr nj\u00eb num\u00ebr t\u00eb kufizuar t\u00eb s\u00ebmundjeve t\u00eb rralla, dihet se disa faktor\u00eb t\u00eb jasht\u00ebm si p\u00ebr shembull semundja kronike e n\u00ebn\u00ebs apo ushqimi joadekuat mund t\u00eb shkaktojn\u00eb anomali t\u00eb lindura, efekte teratogjene dhe tumore. N\u00eb m\u00ebnyr\u00eb q\u00eb t\u00eb ken\u00eb nj\u00eb efekt parandalues, masat duhet t\u00eb nd\u00ebrmerren edhe p\u00ebrpara konceptimit duke mund\u00ebsuar nj\u00eb m\u00ebnyr\u00eb jetese t\u00eb sh\u00ebndetshme, duke marr\u00eb acid folik dhe preparate t\u00eb vitaminave gjat\u00eb periudh\u00ebs para konceptimit dhe tremujorit t\u00eb par\u00eb t\u00eb shtatz\u00ebnis\u00eb dhe duke shmangur marrjen e substancave t\u00eb d\u00ebmshme si alkooli, droga t\u00eb paligjshme dhe nikotina, sidomos gjat\u00eb shtatz\u00ebnis\u00eb. Zbatimi i strategjis\u00eb p\u00ebr parandalimin par\u00ebsor t\u00eb keqformimeve kongjenitale duhet t\u00eb ndjek\u00eb gjetjet e reja shkencore mbi faktor\u00ebt e rrezikut dhe informacioni duhet t\u00eb vihet n\u00eb dispozicion t\u00eb ekspert\u00ebve dhe publikut t\u00eb gjer\u00eb.<\/p>","protected":false},"excerpt":{"rendered":"<p>Megjith\u00ebse parandalimi primar \u00ebsht\u00eb i mundur vet\u00ebm p\u00ebr nj\u00eb num\u00ebr t\u00eb kufizuar t\u00eb s\u00ebmundjeve t\u00eb rralla, dihet se disa faktor\u00eb t\u00eb jasht\u00ebm si p\u00ebr shembull semundja kronike e n\u00ebn\u00ebs apo [&hellip;]<\/p>\n","protected":false},"author":1,"featured_media":0,"parent":0,"menu_order":8,"comment_status":"closed","ping_status":"closed","template":"","meta":{"footnotes":""},"_links":{"self":[{"href":"http:\/\/rda-al.com\/sq\/wp-json\/wp\/v2\/pages\/2440"}],"collection":[{"href":"http:\/\/rda-al.com\/sq\/wp-json\/wp\/v2\/pages"}],"about":[{"href":"http:\/\/rda-al.com\/sq\/wp-json\/wp\/v2\/types\/page"}],"author":[{"embeddable":true,"href":"http:\/\/rda-al.com\/sq\/wp-json\/wp\/v2\/users\/1"}],"replies":[{"embeddable":true,"href":"http:\/\/rda-al.com\/sq\/wp-json\/wp\/v2\/comments?post=2440"}],"version-history":[{"count":1,"href":"http:\/\/rda-al.com\/sq\/wp-json\/wp\/v2\/pages\/2440\/revisions"}],"predecessor-version":[{"id":2441,"href":"http:\/\/rda-al.com\/sq\/wp-json\/wp\/v2\/pages\/2440\/revisions\/2441"}],"wp:attachment":[{"href":"http:\/\/rda-al.com\/sq\/wp-json\/wp\/v2\/media?parent=2440"}],"curies":[{"name":"wp","href":"https:\/\/api.w.org\/{rel}","templated":true}]}}